{"id":814,"date":"2023-08-17T17:33:56","date_gmt":"2023-08-17T17:33:56","guid":{"rendered":"https:\/\/querbeet-gartenbau.de\/?page_id=814"},"modified":"2023-08-19T12:40:02","modified_gmt":"2023-08-19T12:40:02","slug":"zaeune","status":"publish","type":"page","link":"https:\/\/querbeet-gartenbau.de\/index.php\/zaeune\/","title":{"rendered":"Z\u00e4une"},"content":{"rendered":"\n\n\t<h1>\n\t\t\t\t\tZ\u00e4une &#038; Mauern\n\t\t\t\t<\/h1>\n\t<h2>\n\t\t\t\t\tLattenholz-Z\u00e4une\n\t\t\t\t<\/h2>\n\t\t\t\t<img decoding=\"async\" src=\"https:\/\/querbeet-gartenbau.de\/wp-content\/uploads\/2023\/05\/DSCN1002-scaled.jpeg\" alt=\"DSCN1002\" itemprop=\"image\"\/>\n\t\t\t\t<img decoding=\"async\" src=\"https:\/\/querbeet-gartenbau.de\/wp-content\/uploads\/2023\/05\/20171025_162558.jpeg\" alt=\"20171025_162558\" itemprop=\"image\"\/>\n\t\t\t\t<img decoding=\"async\" src=\"https:\/\/querbeet-gartenbau.de\/wp-content\/uploads\/2023\/05\/DSCN0998-scaled.jpeg\" alt=\"DSCN0998\" itemprop=\"image\"\/>\n\t\t\t\t<img decoding=\"async\" src=\"https:\/\/querbeet-gartenbau.de\/wp-content\/uploads\/2023\/05\/20171024_132414.jpeg\" alt=\"20171024_132414\" itemprop=\"image\"\/>\n\t<h2>\n\t\t\t\t\tSichtschutz-Z\u00e4une\n\t\t\t\t<\/h2>\n\t\t\t\t<img decoding=\"async\" src=\"https:\/\/querbeet-gartenbau.de\/wp-content\/uploads\/2023\/05\/IMG_0085-scaled.jpeg\" alt=\"IMG_0085\" itemprop=\"image\"\/>\n\t\t\t\t<img decoding=\"async\" src=\"https:\/\/querbeet-gartenbau.de\/wp-content\/uploads\/2023\/05\/992a038e-3315-4342-86f8-c35f99f740e8.jpeg\" alt=\"992a038e-3315-4342-86f8-c35f99f740e8\" itemprop=\"image\"\/>\n\t<h2>\n\t\t\t\t\tSt\u00fctzmauern\n\t\t\t\t<\/h2>\n\t\t\t\t<img decoding=\"async\" src=\"https:\/\/querbeet-gartenbau.de\/wp-content\/uploads\/2023\/05\/IMG_0303-scaled.jpeg\" alt=\"IMG_0303\" itemprop=\"image\"\/>\n\t\t\t\t<img decoding=\"async\" src=\"https:\/\/querbeet-gartenbau.de\/wp-content\/uploads\/2023\/05\/IMG_0832-scaled.jpeg\" alt=\"IMG_0832\" itemprop=\"image\"\/>\n\t\t\t\t<img decoding=\"async\" src=\"https:\/\/querbeet-gartenbau.de\/wp-content\/uploads\/2023\/05\/IMG_1296-2-scaled.jpeg\" alt=\"IMG_1296 2\" itemprop=\"image\"\/>\n\t<h2>\n\t\t\t\t\tTrockenmauer-bau\n\t\t\t\t<\/h2>\n\t\t\t\t<img decoding=\"async\" src=\"https:\/\/querbeet-gartenbau.de\/wp-content\/uploads\/2023\/05\/IMG_0192-scaled.jpeg\" alt=\"IMG_0192\" itemprop=\"image\"\/>\n\t\t\t\t<img decoding=\"async\" src=\"https:\/\/querbeet-gartenbau.de\/wp-content\/uploads\/2023\/05\/IMG_0604-scaled.jpeg\" alt=\"IMG_0604\" itemprop=\"image\"\/>\n\t\t\t\t<img decoding=\"async\" src=\"https:\/\/querbeet-gartenbau.de\/wp-content\/uploads\/2023\/05\/IMG_1299-scaled.jpeg\" alt=\"IMG_1299\" itemprop=\"image\"\/>\n\t\t\t\t<img decoding=\"async\" src=\"https:\/\/querbeet-gartenbau.de\/wp-content\/uploads\/2023\/02\/Ahrensb-5.jpeg\" alt=\"DCF 1.0\" itemprop=\"image\"\/>\n\t\t\t\t<img decoding=\"async\" src=\"https:\/\/querbeet-gartenbau.de\/wp-content\/uploads\/2023\/05\/IMG_0624-scaled.jpeg\" alt=\"IMG_0624\" itemprop=\"image\"\/>\n\t\t\t\t<img decoding=\"async\" src=\"https:\/\/querbeet-gartenbau.de\/wp-content\/uploads\/2023\/05\/Findl-1-2.jpeg\" alt=\"DCF 1.0\" itemprop=\"image\"\/>\n\t\t\t\t<img decoding=\"async\" src=\"https:\/\/querbeet-gartenbau.de\/wp-content\/uploads\/2023\/05\/Ahrensb-5.jpeg\" alt=\"DCF 1.0\" itemprop=\"image\"\/>\n\t\t\n","protected":false},"excerpt":{"rendered":"<p>Z\u00e4une &#038; Mauern Lattenholz-Z\u00e4une Sichtschutz-Z\u00e4une St\u00fctzmauern Trockenmauer-bau<\/p>\n","protected":false},"author":2,"featured_media":0,"parent":0,"menu_order":0,"comment_status":"closed","ping_status":"closed","template":"","meta":{"_uag_custom_page_level_css":"","site-sidebar-layout":"no-sidebar","site-content-layout":"page-builder","ast-site-content-layout":"full-width-container","site-content-style":"unboxed","site-sidebar-style":"unboxed","ast-global-header-display":"","ast-banner-title-visibility":"","ast-main-header-display":"","ast-hfb-above-header-display":"","ast-hfb-below-header-display":"","ast-hfb-mobile-header-display":"","site-post-title":"disabled","ast-breadcrumbs-content":"","ast-featured-img":"disabled","footer-sml-layout":"","theme-transparent-header-meta":"enabled","adv-header-id-meta":"","stick-header-meta":"","header-above-stick-meta":"","header-main-stick-meta":"","header-below-stick-meta":"","astra-migrate-meta-layouts":"set","ast-page-background-enabled":"default","ast-page-background-meta":{"desktop":{"background-color":"var(--ast-global-color-4)","background-image":"","background-repeat":"repeat","background-position":"center center","background-size":"auto","background-attachment":"scroll","background-type":"","background-media":"","overlay-type":"","overlay-color":"","overlay-opacity":"","overlay-gradient":""},"tablet":{"background-color":"","background-image":"","background-repeat":"repeat","background-position":"center center","background-size":"auto","background-attachment":"scroll","background-type":"","background-media":"","overlay-type":"","overlay-color":"","overlay-opacity":"","overlay-gradient":""},"mobile":{"background-color":"","background-image":"","background-repeat":"repeat","background-position":"center center","background-size":"auto","background-attachment":"scroll","background-type":"","background-media":"","overlay-type":"","overlay-color":"","overlay-opacity":"","overlay-gradient":""}},"ast-content-background-meta":{"desktop":{"background-color":"var(--ast-global-color-5)","background-image":"","background-repeat":"repeat","background-position":"center center","background-size":"auto","background-attachment":"scroll","background-type":"","background-media":"","overlay-type":"","overlay-color":"","overlay-opacity":"","overlay-gradient":""},"tablet":{"background-color":"var(--ast-global-color-5)","background-image":"","background-repeat":"repeat","background-position":"center center","background-size":"auto","background-attachment":"scroll","background-type":"","background-media":"","overlay-type":"","overlay-color":"","overlay-opacity":"","overlay-gradient":""},"mobile":{"background-color":"var(--ast-global-color-5)","background-image":"","background-repeat":"repeat","background-position":"center center","background-size":"auto","background-attachment":"scroll","background-type":"","background-media":"","overlay-type":"","overlay-color":"","overlay-opacity":"","overlay-gradient":""}},"footnotes":""},"class_list":["post-814","page","type-page","status-publish","hentry"],"uagb_featured_image_src":{"full":false,"thumbnail":false,"medium":false,"medium_large":false,"large":false,"1536x1536":false,"2048x2048":false},"uagb_author_info":{"display_name":"admin","author_link":"https:\/\/querbeet-gartenbau.de\/index.php\/author\/gudrunanortheengel_h12z7qbd\/"},"uagb_comment_info":0,"uagb_excerpt":"Z\u00e4une &#038; Mauern Lattenholz-Z\u00e4une Sichtschutz-Z\u00e4une St\u00fctzmauern Trockenmauer-bau","_links":{"self":[{"href":"https:\/\/querbeet-gartenbau.de\/index.php\/wp-json\/wp\/v2\/pages\/814","targetHints":{"allow":["GET"]}}],"collection":[{"href":"https:\/\/querbeet-gartenbau.de\/index.php\/wp-json\/wp\/v2\/pages"}],"about":[{"href":"https:\/\/querbeet-gartenbau.de\/index.php\/wp-json\/wp\/v2\/types\/page"}],"author":[{"embeddable":true,"href":"https:\/\/querbeet-gartenbau.de\/index.php\/wp-json\/wp\/v2\/users\/2"}],"replies":[{"embeddable":true,"href":"https:\/\/querbeet-gartenbau.de\/index.php\/wp-json\/wp\/v2\/comments?post=814"}],"version-history":[{"count":3,"href":"https:\/\/querbeet-gartenbau.de\/index.php\/wp-json\/wp\/v2\/pages\/814\/revisions"}],"predecessor-version":[{"id":1052,"href":"https:\/\/querbeet-gartenbau.de\/index.php\/wp-json\/wp\/v2\/pages\/814\/revisions\/1052"}],"wp:attachment":[{"href":"https:\/\/querbeet-gartenbau.de\/index.php\/wp-json\/wp\/v2\/media?parent=814"}],"curies":[{"name":"wp","href":"https:\/\/api.w.org\/{rel}","templated":true}]}}