{"id":793,"date":"2023-08-17T17:33:55","date_gmt":"2023-08-17T17:33:55","guid":{"rendered":"https:\/\/querbeet-gartenbau.de\/?page_id=793"},"modified":"2023-08-19T13:37:12","modified_gmt":"2023-08-19T13:37:12","slug":"impressum","status":"publish","type":"page","link":"https:\/\/querbeet-gartenbau.de\/index.php\/impressum\/","title":{"rendered":"Impressum"},"content":{"rendered":"\n\n\t<h1>\n\t\t\t\t\tImpressum\n\t\t\t\t<\/h1>\n\t<h2>\n\t\t\t\t\tImpressum\n\t\t\t\t<\/h2>\n\t\t\t<p>I<\/p>\n<p><strong>Angaben gem\u00e4\u00df \u00a7 5 TMG<\/strong><\/p>\n<p>querbeet\u00a0<\/p>\n<p>Gudrun Engel<br \/>L\u00fcbsche M\u00fchle 0<br \/>23730 Merkendorf\u00a0<\/p>\n<p><strong>Vertreten durch:\u00a0<\/strong><br \/>Robert Engel<\/p>\n<p><strong>Kontakt:<\/strong>\u00a0<br \/>Telefon: 04561 &#8211; 5361357<br \/>E-Mail: info@querbeet-gartenbau.de<\/p>\n<p>\u00a0<\/p>\n<p><strong>Haftungsausschluss:\u00a0<\/strong><\/p>\n<p>Datenschutz<\/p>\n<p>Die Nutzung unserer Webseite ist in der Regel ohne Angabe personenbezogener Daten m\u00f6glich. Soweit auf unseren Seiten personenbezogene Daten (beispielsweise Name, Anschrift oder eMail-Adressen) erhoben werden, erfolgt dies, soweit m\u00f6glich, stets auf freiwilliger Basis. Diese Daten werden ohne Ihre ausdr\u00fcckliche Zustimmung nicht an Dritte weitergegeben.\u00a0<\/p>\n<p>Wir weisen darauf hin, dass die Daten\u00fcbertragung im Internet (z.B. bei der Kommunikation per E-Mail) Sicherheitsl\u00fccken aufweisen kann. Ein l\u00fcckenloser Schutz der Daten vor dem Zugriff durch Dritte ist nicht m\u00f6glich.\u00a0<\/p>\n<p>Der Nutzung von im Rahmen der Impressumspflicht ver\u00f6ffentlichten Kontaktdaten durch Dritte zur \u00dcbersendung von nicht ausdr\u00fccklich angeforderter Werbung und Informationsmaterialien wird hiermit ausdr\u00fccklich widersprochen. Die Betreiber der Seiten behalten sich ausdr\u00fccklich rechtliche Schritte im Falle der unverlangten Zusendung von Werbeinformationen, etwa durch Spam-Mails, vor.<\/p>\n<p>Website Impressum von\u00a0impressum-generator.de<\/p>\n\n","protected":false},"excerpt":{"rendered":"<p>Impressum Impressum I Angaben gem\u00e4\u00df \u00a7 5 TMG querbeet\u00a0 Gudrun EngelL\u00fcbsche M\u00fchle 023730 Merkendorf\u00a0 Vertreten durch:\u00a0Robert Engel Kontakt:\u00a0Telefon: 04561 &#8211; 5361357E-Mail: info@querbeet-gartenbau.de \u00a0 Haftungsausschluss:\u00a0 Datenschutz Die Nutzung unserer Webseite ist in der Regel ohne Angabe personenbezogener Daten m\u00f6glich. Soweit auf unseren Seiten personenbezogene Daten (beispielsweise Name, Anschrift oder eMail-Adressen) erhoben werden, erfolgt dies, soweit m\u00f6glich, [&hellip;]<\/p>\n","protected":false},"author":2,"featured_media":0,"parent":0,"menu_order":0,"comment_status":"closed","ping_status":"closed","template":"","meta":{"_uag_custom_page_level_css":"","site-sidebar-layout":"no-sidebar","site-content-layout":"page-builder","ast-site-content-layout":"","site-content-style":"default","site-sidebar-style":"default","ast-global-header-display":"","ast-banner-title-visibility":"","ast-main-header-display":"","ast-hfb-above-header-display":"","ast-hfb-below-header-display":"","ast-hfb-mobile-header-display":"","site-post-title":"disabled","ast-breadcrumbs-content":"","ast-featured-img":"disabled","footer-sml-layout":"","theme-transparent-header-meta":"enabled","adv-header-id-meta":"","stick-header-meta":"","header-above-stick-meta":"","header-main-stick-meta":"","header-below-stick-meta":"","astra-migrate-meta-layouts":"default","ast-page-background-enabled":"default","ast-page-background-meta":{"desktop":{"background-color":"var(--ast-global-color-4)","background-image":"","background-repeat":"repeat","background-position":"center center","background-size":"auto","background-attachment":"scroll","background-type":"","background-media":"","overlay-type":"","overlay-color":"","overlay-opacity":"","overlay-gradient":""},"tablet":{"background-color":"","background-image":"","background-repeat":"repeat","background-position":"center center","background-size":"auto","background-attachment":"scroll","background-type":"","background-media":"","overlay-type":"","overlay-color":"","overlay-opacity":"","overlay-gradient":""},"mobile":{"background-color":"","background-image":"","background-repeat":"repeat","background-position":"center center","background-size":"auto","background-attachment":"scroll","background-type":"","background-media":"","overlay-type":"","overlay-color":"","overlay-opacity":"","overlay-gradient":""}},"ast-content-background-meta":{"desktop":{"background-color":"var(--ast-global-color-5)","background-image":"","background-repeat":"repeat","background-position":"center center","background-size":"auto","background-attachment":"scroll","background-type":"","background-media":"","overlay-type":"","overlay-color":"","overlay-opacity":"","overlay-gradient":""},"tablet":{"background-color":"var(--ast-global-color-5)","background-image":"","background-repeat":"repeat","background-position":"center center","background-size":"auto","background-attachment":"scroll","background-type":"","background-media":"","overlay-type":"","overlay-color":"","overlay-opacity":"","overlay-gradient":""},"mobile":{"background-color":"var(--ast-global-color-5)","background-image":"","background-repeat":"repeat","background-position":"center center","background-size":"auto","background-attachment":"scroll","background-type":"","background-media":"","overlay-type":"","overlay-color":"","overlay-opacity":"","overlay-gradient":""}},"footnotes":""},"class_list":["post-793","page","type-page","status-publish","hentry"],"uagb_featured_image_src":{"full":false,"thumbnail":false,"medium":false,"medium_large":false,"large":false,"1536x1536":false,"2048x2048":false},"uagb_author_info":{"display_name":"admin","author_link":"https:\/\/querbeet-gartenbau.de\/index.php\/author\/gudrunanortheengel_h12z7qbd\/"},"uagb_comment_info":0,"uagb_excerpt":"Impressum Impressum I Angaben gem\u00e4\u00df \u00a7 5 TMG querbeet\u00a0 Gudrun EngelL\u00fcbsche M\u00fchle 023730 Merkendorf\u00a0 Vertreten durch:\u00a0Robert Engel Kontakt:\u00a0Telefon: 04561 &#8211; 5361357E-Mail: info@querbeet-gartenbau.de \u00a0 Haftungsausschluss:\u00a0 Datenschutz Die Nutzung unserer Webseite ist in der Regel ohne Angabe personenbezogener Daten m\u00f6glich. Soweit auf unseren Seiten personenbezogene Daten (beispielsweise Name, Anschrift oder eMail-Adressen) erhoben werden, erfolgt dies, soweit m\u00f6glich,&hellip;","_links":{"self":[{"href":"https:\/\/querbeet-gartenbau.de\/index.php\/wp-json\/wp\/v2\/pages\/793","targetHints":{"allow":["GET"]}}],"collection":[{"href":"https:\/\/querbeet-gartenbau.de\/index.php\/wp-json\/wp\/v2\/pages"}],"about":[{"href":"https:\/\/querbeet-gartenbau.de\/index.php\/wp-json\/wp\/v2\/types\/page"}],"author":[{"embeddable":true,"href":"https:\/\/querbeet-gartenbau.de\/index.php\/wp-json\/wp\/v2\/users\/2"}],"replies":[{"embeddable":true,"href":"https:\/\/querbeet-gartenbau.de\/index.php\/wp-json\/wp\/v2\/comments?post=793"}],"version-history":[{"count":2,"href":"https:\/\/querbeet-gartenbau.de\/index.php\/wp-json\/wp\/v2\/pages\/793\/revisions"}],"predecessor-version":[{"id":1081,"href":"https:\/\/querbeet-gartenbau.de\/index.php\/wp-json\/wp\/v2\/pages\/793\/revisions\/1081"}],"wp:attachment":[{"href":"https:\/\/querbeet-gartenbau.de\/index.php\/wp-json\/wp\/v2\/media?parent=793"}],"curies":[{"name":"wp","href":"https:\/\/api.w.org\/{rel}","templated":true}]}}